{"id":1770,"date":"2025-01-25T13:11:33","date_gmt":"2025-01-25T13:11:33","guid":{"rendered":"https:\/\/museum-media.com\/?page_id=1770"},"modified":"2025-01-25T13:11:39","modified_gmt":"2025-01-25T13:11:39","slug":"abstract-dream","status":"publish","type":"page","link":"https:\/\/museum-media.com\/nl\/abstract-dream\/","title":{"rendered":"ABSTRACT DREAM"},"content":{"rendered":"<div class=\"wp-block-columns alignwide is-layout-flex wp-container-core-columns-is-layout-1 wp-block-columns-is-layout-flex\">\n<div class=\"wp-block-column has-white-color has-text-color is-layout-flow wp-block-column-is-layout-flow\" style=\"flex-basis:66.66%\">\n<p class=\"has-white-color has-text-color has-link-color has-noto-sans-font-family has-custom-font wp-elements-cd434ad7a5c56c8b81e81309b7c65db2\" style=\"font-family:Noto Sans;font-size:40px\">JEREMY OURY&#8217;S ABSTRACT DREAM<\/p>\n\n\n\n<figure class=\"wp-block-embed is-type-video is-provider-vimeo wp-block-embed-vimeo wp-embed-aspect-1-1 wp-has-aspect-ratio\"><div class=\"wp-block-embed__wrapper\">\n<iframe loading=\"lazy\" title=\"JEREMY OURY&#039;S ABSTRACT DREAM  screener- 1K - H264  stereo\" src=\"https:\/\/player.vimeo.com\/video\/1044975061?dnt=1&amp;app_id=122963\" width=\"980\" height=\"980\" frameborder=\"0\" allow=\"autoplay; fullscreen; picture-in-picture; clipboard-write; encrypted-media\"><\/iframe>\n<\/div><\/figure>\n\n\n\n<p class=\"has-white-color has-text-color\" style=\"font-size:22px\"><\/p>\n\n\n\n<p class=\"has-white-color has-text-color has-link-color wp-elements-9ced0b486fb9847a577997496c476abc\" style=\"font-size:30px\"><em>ABSTRACT DREAM <\/em>is a compilation of J\u00e9r\u00e9my Oury&#8217;s work form 2018 to 2024. The individual segments can also be found separately on our site.<\/p>\n\n\n\n<p class=\"has-white-color has-text-color\" style=\"font-size:22px\"><\/p>\n\n\n\n<p class=\"has-white-color has-text-color\" style=\"font-size:21px\">Produced &amp; Directed by J\u00e9r\u00e9my Oury<\/p>\n\n\n\n<p class=\"has-white-color has-text-color\" style=\"font-size:21px\">Sound by J\u00e9r\u00e9my Oury<\/p>\n\n\n\n<p class=\"has-white-color has-text-color\" style=\"font-size:21px\">Runtime:  39:25 minutes<\/p>\n\n\n\n<p class=\"has-white-color has-text-color\" style=\"font-size:21px\">Format:&nbsp;Fulldome 2D<\/p>\n\n\n\n<p><\/p>\n\n\n\n<h2 class=\"wp-block-heading has-white-color has-text-color\"><\/h2>\n\n\n\n<hr class=\"wp-block-separator has-alpha-channel-opacity\"\/>\n\n\n\n<div class=\"wp-block-buttons is-layout-flex wp-block-buttons-is-layout-flex\"><\/div>\n<\/div>\n\n\n\n<div class=\"wp-block-column is-layout-flow wp-block-column-is-layout-flow\" style=\"flex-basis:33.33%\">\n<figure class=\"wp-block-image size-full\"><img loading=\"lazy\" decoding=\"async\" width=\"672\" height=\"1000\" src=\"https:\/\/museum-media.com\/wp-content\/uploads\/2025\/01\/ABSTRACT-DREAM.png\" alt=\"\" class=\"wp-image-1771\" srcset=\"https:\/\/museum-media.com\/wp-content\/uploads\/2025\/01\/ABSTRACT-DREAM.png 672w, https:\/\/museum-media.com\/wp-content\/uploads\/2025\/01\/ABSTRACT-DREAM-202x300.png 202w, https:\/\/museum-media.com\/wp-content\/uploads\/2025\/01\/ABSTRACT-DREAM-8x12.png 8w\" sizes=\"auto, (max-width: 672px) 100vw, 672px\" \/><\/figure>\n\n\n\n<h2 class=\"wp-block-heading has-white-color has-text-color\"><strong>About the maker<\/strong><\/h2>\n\n\n\n<p class=\"has-white-color has-text-color has-link-color wp-elements-4623e54ca7e3940bec21801675b8253e\" style=\"font-size:21px\">J\u00e9r\u00e9my Oury combines audio and visual skills to make singular digital forms as architectural mapping, fulldome, digital installation and original creation for theater. He focuses his artwork on a research about illusions from geometric distortions, on the synesthesia between sound and video, and on immersive forms in order to place the viewer at the center of a minimalist virtual universe to disrupt his perception of space.<\/p>\n\n\n\n<p class=\"has-white-color has-text-color has-link-color wp-elements-26c57444b1d9b71a645f4bb596c252e2\" style=\"font-size:21px\">Since 2014, his artwork was awarded in various international video mapping festivals (FIMG 2015, Luz y Vanguardias 2017, Skopje 2019) and fulldome festivals (Macon 2019, HIFF 2019, Fulldome festival Jena 2018). His work has been shown in many digital festivals and exhibitions as ISEA symposium 2019 in South Korea, SATfest 2020 in Canada, FILE festival and Rio Mapping festival in Brazil, +CODE in Argentina, Domo Lleno in Colombia, FIMA in Mexico, MADATAC in Spain, 1Min Projection Mapping in Japan, KuzeFest in Chili, Macon film festival in USA, and many others in Europe.<\/p>\n\n\n\n<p class=\"has-white-color has-text-color has-link-color wp-elements-590f0336acbfdc4b50fdf06f0e018053\" style=\"font-size:21px\">He also works with theaters companies and he participates in several digital art installation with the artist Apach or with the ARCAAN collective.<\/p>\n\n\n\n<p><a href=\"https:\/\/filmfreeway.com\/pages\/how-it-works\"><\/a><\/p>\n\n\n\n<hr class=\"wp-block-separator has-alpha-channel-opacity\"\/>\n\n\n\n<ul class=\"wp-block-list\" style=\"color:#ffffff\">\n<li><\/li>\n<\/ul>\n<\/div>\n<\/div>","protected":false},"excerpt":{"rendered":"<p>JEREMY OURY&#8217;S ABSTRACT DREAM ABSTRACT DREAM is a compilation of J\u00e9r\u00e9my Oury&#8217;s work form 2018 to 2024. The individual segments can also be found separately on our site. Produced &amp; Directed by J\u00e9r\u00e9my Oury Sound by J\u00e9r\u00e9my Oury Runtime: 39:25 minutes Format:&nbsp;Fulldome 2D About the maker J\u00e9r\u00e9my Oury combines audio and visual skills to make [&hellip;]<\/p>\n","protected":false},"author":1,"featured_media":0,"parent":0,"menu_order":0,"comment_status":"closed","ping_status":"closed","template":"","meta":{"_coblocks_attr":"Noto Sans","_coblocks_dimensions":"","_coblocks_responsive_height":"","_coblocks_accordion_ie_support":"","_themeisle_gutenberg_block_has_review":false,"footnotes":""},"class_list":["post-1770","page","type-page","status-publish","hentry"],"yoast_head":"<!-- This site is optimized with the Yoast SEO plugin v23.0 - https:\/\/yoast.com\/wordpress\/plugins\/seo\/ -->\n<title>ABSTRACT DREAM - Museum Media<\/title>\n<meta name=\"robots\" content=\"index, follow, max-snippet:-1, max-image-preview:large, max-video-preview:-1\" \/>\n<link rel=\"canonical\" href=\"https:\/\/museum-media.com\/nl\/abstract-dream\/\" \/>\n<meta property=\"og:locale\" content=\"nl_NL\" \/>\n<meta property=\"og:type\" content=\"article\" \/>\n<meta property=\"og:title\" content=\"ABSTRACT DREAM - Museum Media\" \/>\n<meta property=\"og:description\" content=\"JEREMY OURY&#8217;S ABSTRACT DREAM ABSTRACT DREAM is a compilation of J\u00e9r\u00e9my Oury&#8217;s work form 2018 to 2024. The individual segments can also be found separately on our site. Produced &amp; Directed by J\u00e9r\u00e9my Oury Sound by J\u00e9r\u00e9my Oury Runtime: 39:25 minutes Format:&nbsp;Fulldome 2D About the maker J\u00e9r\u00e9my Oury combines audio and visual skills to make [&hellip;]\" \/>\n<meta property=\"og:url\" content=\"https:\/\/museum-media.com\/nl\/abstract-dream\/\" \/>\n<meta property=\"og:site_name\" content=\"Museum Media\" \/>\n<meta property=\"article:publisher\" content=\"https:\/\/www.facebook.com\/MuseumMediaFB\" \/>\n<meta property=\"article:modified_time\" content=\"2025-01-25T13:11:39+00:00\" \/>\n<meta property=\"og:image\" content=\"https:\/\/museum-media.com\/wp-content\/uploads\/2025\/01\/ABSTRACT-DREAM.png\" \/>\n<meta name=\"twitter:card\" content=\"summary_large_image\" \/>\n<meta name=\"twitter:label1\" content=\"Geschatte leestijd\" \/>\n\t<meta name=\"twitter:data1\" content=\"2 minuten\" \/>\n<script type=\"application\/ld+json\" class=\"yoast-schema-graph\">{\"@context\":\"https:\/\/schema.org\",\"@graph\":[{\"@type\":\"WebPage\",\"@id\":\"https:\/\/museum-media.com\/abstract-dream\/\",\"url\":\"https:\/\/museum-media.com\/abstract-dream\/\",\"name\":\"ABSTRACT DREAM - Museum Media\",\"isPartOf\":{\"@id\":\"https:\/\/museum-media.com\/#website\"},\"primaryImageOfPage\":{\"@id\":\"https:\/\/museum-media.com\/abstract-dream\/#primaryimage\"},\"image\":{\"@id\":\"https:\/\/museum-media.com\/abstract-dream\/#primaryimage\"},\"thumbnailUrl\":\"https:\/\/museum-media.com\/wp-content\/uploads\/2025\/01\/ABSTRACT-DREAM.png\",\"datePublished\":\"2025-01-25T13:11:33+00:00\",\"dateModified\":\"2025-01-25T13:11:39+00:00\",\"breadcrumb\":{\"@id\":\"https:\/\/museum-media.com\/abstract-dream\/#breadcrumb\"},\"inLanguage\":\"nl-NL\",\"potentialAction\":[{\"@type\":\"ReadAction\",\"target\":[\"https:\/\/museum-media.com\/abstract-dream\/\"]}]},{\"@type\":\"ImageObject\",\"inLanguage\":\"nl-NL\",\"@id\":\"https:\/\/museum-media.com\/abstract-dream\/#primaryimage\",\"url\":\"https:\/\/museum-media.com\/wp-content\/uploads\/2025\/01\/ABSTRACT-DREAM.png\",\"contentUrl\":\"https:\/\/museum-media.com\/wp-content\/uploads\/2025\/01\/ABSTRACT-DREAM.png\"},{\"@type\":\"BreadcrumbList\",\"@id\":\"https:\/\/museum-media.com\/abstract-dream\/#breadcrumb\",\"itemListElement\":[{\"@type\":\"ListItem\",\"position\":1,\"name\":\"Home\",\"item\":\"https:\/\/museum-media.com\/\"},{\"@type\":\"ListItem\",\"position\":2,\"name\":\"ABSTRACT DREAM\"}]},{\"@type\":\"WebSite\",\"@id\":\"https:\/\/museum-media.com\/#website\",\"url\":\"https:\/\/museum-media.com\/\",\"name\":\"Museum Media\",\"description\":\"Easy access to meaningful films for museums\",\"publisher\":{\"@id\":\"https:\/\/museum-media.com\/#organization\"},\"potentialAction\":[{\"@type\":\"SearchAction\",\"target\":{\"@type\":\"EntryPoint\",\"urlTemplate\":\"https:\/\/museum-media.com\/?s={search_term_string}\"},\"query-input\":\"required name=search_term_string\"}],\"inLanguage\":\"nl-NL\"},{\"@type\":\"Organization\",\"@id\":\"https:\/\/museum-media.com\/#organization\",\"name\":\"Museum Media\",\"url\":\"https:\/\/museum-media.com\/\",\"logo\":{\"@type\":\"ImageObject\",\"inLanguage\":\"nl-NL\",\"@id\":\"https:\/\/museum-media.com\/#\/schema\/logo\/image\/\",\"url\":\"https:\/\/museum-media.com\/wp-content\/uploads\/2022\/02\/cropped-mm-two-color-logo-cut-out.jpg\",\"contentUrl\":\"https:\/\/museum-media.com\/wp-content\/uploads\/2022\/02\/cropped-mm-two-color-logo-cut-out.jpg\",\"width\":928,\"height\":634,\"caption\":\"Museum Media\"},\"image\":{\"@id\":\"https:\/\/museum-media.com\/#\/schema\/logo\/image\/\"},\"sameAs\":[\"https:\/\/www.facebook.com\/MuseumMediaFB\",\"https:\/\/www.instagram.com\/museum.media\/\",\"https:\/\/www.linkedin.com\/company\/museum-media\/\"]}]}<\/script>\n<!-- \/ Yoast SEO plugin. -->","yoast_head_json":{"title":"ABSTRACT DREAM - Museum Media","robots":{"index":"index","follow":"follow","max-snippet":"max-snippet:-1","max-image-preview":"max-image-preview:large","max-video-preview":"max-video-preview:-1"},"canonical":"https:\/\/museum-media.com\/nl\/abstract-dream\/","og_locale":"nl_NL","og_type":"article","og_title":"ABSTRACT DREAM - Museum Media","og_description":"JEREMY OURY&#8217;S ABSTRACT DREAM ABSTRACT DREAM is a compilation of J\u00e9r\u00e9my Oury&#8217;s work form 2018 to 2024. The individual segments can also be found separately on our site. Produced &amp; Directed by J\u00e9r\u00e9my Oury Sound by J\u00e9r\u00e9my Oury Runtime: 39:25 minutes Format:&nbsp;Fulldome 2D About the maker J\u00e9r\u00e9my Oury combines audio and visual skills to make [&hellip;]","og_url":"https:\/\/museum-media.com\/nl\/abstract-dream\/","og_site_name":"Museum Media","article_publisher":"https:\/\/www.facebook.com\/MuseumMediaFB","article_modified_time":"2025-01-25T13:11:39+00:00","og_image":[{"url":"https:\/\/museum-media.com\/wp-content\/uploads\/2025\/01\/ABSTRACT-DREAM.png"}],"twitter_card":"summary_large_image","twitter_misc":{"Geschatte leestijd":"2 minuten"},"schema":{"@context":"https:\/\/schema.org","@graph":[{"@type":"WebPage","@id":"https:\/\/museum-media.com\/abstract-dream\/","url":"https:\/\/museum-media.com\/abstract-dream\/","name":"ABSTRACT DREAM - Museum Media","isPartOf":{"@id":"https:\/\/museum-media.com\/#website"},"primaryImageOfPage":{"@id":"https:\/\/museum-media.com\/abstract-dream\/#primaryimage"},"image":{"@id":"https:\/\/museum-media.com\/abstract-dream\/#primaryimage"},"thumbnailUrl":"https:\/\/museum-media.com\/wp-content\/uploads\/2025\/01\/ABSTRACT-DREAM.png","datePublished":"2025-01-25T13:11:33+00:00","dateModified":"2025-01-25T13:11:39+00:00","breadcrumb":{"@id":"https:\/\/museum-media.com\/abstract-dream\/#breadcrumb"},"inLanguage":"nl-NL","potentialAction":[{"@type":"ReadAction","target":["https:\/\/museum-media.com\/abstract-dream\/"]}]},{"@type":"ImageObject","inLanguage":"nl-NL","@id":"https:\/\/museum-media.com\/abstract-dream\/#primaryimage","url":"https:\/\/museum-media.com\/wp-content\/uploads\/2025\/01\/ABSTRACT-DREAM.png","contentUrl":"https:\/\/museum-media.com\/wp-content\/uploads\/2025\/01\/ABSTRACT-DREAM.png"},{"@type":"BreadcrumbList","@id":"https:\/\/museum-media.com\/abstract-dream\/#breadcrumb","itemListElement":[{"@type":"ListItem","position":1,"name":"Home","item":"https:\/\/museum-media.com\/"},{"@type":"ListItem","position":2,"name":"ABSTRACT DREAM"}]},{"@type":"WebSite","@id":"https:\/\/museum-media.com\/#website","url":"https:\/\/museum-media.com\/","name":"Museum Media","description":"Easy access to meaningful films for museums","publisher":{"@id":"https:\/\/museum-media.com\/#organization"},"potentialAction":[{"@type":"SearchAction","target":{"@type":"EntryPoint","urlTemplate":"https:\/\/museum-media.com\/?s={search_term_string}"},"query-input":"required name=search_term_string"}],"inLanguage":"nl-NL"},{"@type":"Organization","@id":"https:\/\/museum-media.com\/#organization","name":"Museum Media","url":"https:\/\/museum-media.com\/","logo":{"@type":"ImageObject","inLanguage":"nl-NL","@id":"https:\/\/museum-media.com\/#\/schema\/logo\/image\/","url":"https:\/\/museum-media.com\/wp-content\/uploads\/2022\/02\/cropped-mm-two-color-logo-cut-out.jpg","contentUrl":"https:\/\/museum-media.com\/wp-content\/uploads\/2022\/02\/cropped-mm-two-color-logo-cut-out.jpg","width":928,"height":634,"caption":"Museum Media"},"image":{"@id":"https:\/\/museum-media.com\/#\/schema\/logo\/image\/"},"sameAs":["https:\/\/www.facebook.com\/MuseumMediaFB","https:\/\/www.instagram.com\/museum.media\/","https:\/\/www.linkedin.com\/company\/museum-media\/"]}]}},"jetpack_sharing_enabled":true,"_links":{"self":[{"href":"https:\/\/museum-media.com\/nl\/wp-json\/wp\/v2\/pages\/1770","targetHints":{"allow":["GET"]}}],"collection":[{"href":"https:\/\/museum-media.com\/nl\/wp-json\/wp\/v2\/pages"}],"about":[{"href":"https:\/\/museum-media.com\/nl\/wp-json\/wp\/v2\/types\/page"}],"author":[{"embeddable":true,"href":"https:\/\/museum-media.com\/nl\/wp-json\/wp\/v2\/users\/1"}],"replies":[{"embeddable":true,"href":"https:\/\/museum-media.com\/nl\/wp-json\/wp\/v2\/comments?post=1770"}],"version-history":[{"count":1,"href":"https:\/\/museum-media.com\/nl\/wp-json\/wp\/v2\/pages\/1770\/revisions"}],"predecessor-version":[{"id":1772,"href":"https:\/\/museum-media.com\/nl\/wp-json\/wp\/v2\/pages\/1770\/revisions\/1772"}],"wp:attachment":[{"href":"https:\/\/museum-media.com\/nl\/wp-json\/wp\/v2\/media?parent=1770"}],"curies":[{"name":"wp","href":"https:\/\/api.w.org\/{rel}","templated":true}]}}